{"id":35,"date":"2025-11-26T13:29:52","date_gmt":"2025-11-26T13:29:52","guid":{"rendered":"https:\/\/testbike.brocld.fr\/?page_id=35"},"modified":"2026-03-05T16:19:49","modified_gmt":"2026-03-05T15:19:49","slug":"nous-rejoindre","status":"publish","type":"page","link":"https:\/\/bikexplore.brocld.fr\/?page_id=35","title":{"rendered":"Nous Rejoindre"},"content":{"rendered":"<p>Campagne d&rsquo;adh\u00e9sion 2026 : documents \u00e0 compl\u00e9ter et envoyer par mail au club accompagn\u00e9s d&rsquo;un virement au club ou inscription directe via la campagne Hello Asso\u00a0<\/p>\n<ul>\n<li><a href=\"https:\/\/drive.google.com\/file\/d\/1gkBOvGyoSN6khin9VQk3BBCIVkE6w69R\/view?usp=sharing\">Formulaire d&rsquo;adhesion en PDF\u00a0<\/a><\/li>\n<li><a href=\"https:\/\/drive.google.com\/file\/d\/12jU0-ZpWL9tuog6WwL5QUM_E341EUfki\/view?usp=sharing\">Notice assurance FFVelo 2026<\/a><\/li>\n<li><a href=\"https:\/\/drive.google.com\/file\/d\/11jxiPCmKIYwtAJRNnlALTHjVxFZg6ZZV\/view?usp=sharing\">Questionnaire Sant\u00e9 2026<\/a><\/li>\n<\/ul>\n<p><a id=\"campagne\" href=\"https:\/\/www.helloasso.com\/associations\/bikexplore\/adhesions\/adhesion-2025-2026-bikexplore\" target=\"_blank\" rel=\"noopener\"><br \/>Cliquez ici pour acc\u00e9der \u00e0 la campagne d\u00e9mat\u00e9rialis\u00e9e via Hello Asso<br \/><\/a><\/p>\n\n\n<p>Contact : club.bikexplore@gmail.com<\/p>\n","protected":false},"excerpt":{"rendered":"<p>Campagne d&rsquo;adh\u00e9sion 2026 : documents \u00e0 compl\u00e9ter et envoyer par mail au club accompagn\u00e9s d&rsquo;un virement au club ou inscription directe via la campagne Hello Asso\u00a0 Formulaire d&rsquo;adhesion en PDF\u00a0 &hellip; <\/p>\n<p class=\"link-more\"><a href=\"https:\/\/bikexplore.brocld.fr\/?page_id=35\" class=\"more-link\">Continuer la lecture<span class=\"screen-reader-text\"> de &laquo;&nbsp;Nous Rejoindre&nbsp;&raquo;<\/span><\/a><\/p>\n","protected":false},"author":1,"featured_media":0,"parent":0,"menu_order":0,"comment_status":"closed","ping_status":"closed","template":"","meta":{"footnotes":""},"class_list":["post-35","page","type-page","status-publish","hentry"],"yoast_head":"<!-- This site is optimized with the Yoast SEO plugin v26.5 - https:\/\/yoast.com\/wordpress\/plugins\/seo\/ -->\n<title>Nous Rejoindre - BikeXplore<\/title>\n<meta name=\"robots\" content=\"index, follow, max-snippet:-1, max-image-preview:large, max-video-preview:-1\" \/>\n<link rel=\"canonical\" href=\"https:\/\/bikexplore.brocld.fr\/?page_id=35\" \/>\n<meta property=\"og:locale\" content=\"fr_FR\" \/>\n<meta property=\"og:type\" content=\"article\" \/>\n<meta property=\"og:title\" content=\"Nous Rejoindre - BikeXplore\" \/>\n<meta property=\"og:description\" content=\"Campagne d&rsquo;adh\u00e9sion 2026 : documents \u00e0 compl\u00e9ter et envoyer par mail au club accompagn\u00e9s d&rsquo;un virement au club ou inscription directe via la campagne Hello Asso\u00a0 Formulaire d&rsquo;adhesion en PDF\u00a0 &hellip; Continuer la lecture de &laquo;&nbsp;Nous Rejoindre&nbsp;&raquo;\" \/>\n<meta property=\"og:url\" content=\"https:\/\/bikexplore.brocld.fr\/?page_id=35\" \/>\n<meta property=\"og:site_name\" content=\"BikeXplore\" \/>\n<meta property=\"article:modified_time\" content=\"2026-03-05T15:19:49+00:00\" \/>\n<meta name=\"twitter:card\" content=\"summary_large_image\" \/>\n<meta name=\"twitter:label1\" content=\"Dur\u00e9e de lecture estim\u00e9e\" \/>\n\t<meta name=\"twitter:data1\" content=\"1 minute\" \/>\n<script type=\"application\/ld+json\" class=\"yoast-schema-graph\">{\"@context\":\"https:\/\/schema.org\",\"@graph\":[{\"@type\":\"WebPage\",\"@id\":\"https:\/\/bikexplore.brocld.fr\/?page_id=35\",\"url\":\"https:\/\/bikexplore.brocld.fr\/?page_id=35\",\"name\":\"Nous Rejoindre - BikeXplore\",\"isPartOf\":{\"@id\":\"https:\/\/bikexplore.brocld.fr\/#website\"},\"datePublished\":\"2025-11-26T13:29:52+00:00\",\"dateModified\":\"2026-03-05T15:19:49+00:00\",\"breadcrumb\":{\"@id\":\"https:\/\/bikexplore.brocld.fr\/?page_id=35#breadcrumb\"},\"inLanguage\":\"fr-FR\",\"potentialAction\":[{\"@type\":\"ReadAction\",\"target\":[\"https:\/\/bikexplore.brocld.fr\/?page_id=35\"]}]},{\"@type\":\"BreadcrumbList\",\"@id\":\"https:\/\/bikexplore.brocld.fr\/?page_id=35#breadcrumb\",\"itemListElement\":[{\"@type\":\"ListItem\",\"position\":1,\"name\":\"Accueil\",\"item\":\"https:\/\/bikexplore.brocld.fr\/\"},{\"@type\":\"ListItem\",\"position\":2,\"name\":\"Nous Rejoindre\"}]},{\"@type\":\"WebSite\",\"@id\":\"https:\/\/bikexplore.brocld.fr\/#website\",\"url\":\"https:\/\/bikexplore.brocld.fr\/\",\"name\":\"BikeXplore\",\"description\":\"Pour partager des aventures \u00e0 v\u00e9lo !\",\"publisher\":{\"@id\":\"https:\/\/bikexplore.brocld.fr\/#organization\"},\"potentialAction\":[{\"@type\":\"SearchAction\",\"target\":{\"@type\":\"EntryPoint\",\"urlTemplate\":\"https:\/\/bikexplore.brocld.fr\/?s={search_term_string}\"},\"query-input\":{\"@type\":\"PropertyValueSpecification\",\"valueRequired\":true,\"valueName\":\"search_term_string\"}}],\"inLanguage\":\"fr-FR\"},{\"@type\":\"Organization\",\"@id\":\"https:\/\/bikexplore.brocld.fr\/#organization\",\"name\":\"BikeXplore\",\"url\":\"https:\/\/bikexplore.brocld.fr\/\",\"logo\":{\"@type\":\"ImageObject\",\"inLanguage\":\"fr-FR\",\"@id\":\"https:\/\/bikexplore.brocld.fr\/#\/schema\/logo\/image\/\",\"url\":\"https:\/\/bikexplore.brocld.fr\/wp-content\/uploads\/2025\/11\/cropped-bikexplore_logo2.webp\",\"contentUrl\":\"https:\/\/bikexplore.brocld.fr\/wp-content\/uploads\/2025\/11\/cropped-bikexplore_logo2.webp\",\"width\":479,\"height\":214,\"caption\":\"BikeXplore\"},\"image\":{\"@id\":\"https:\/\/bikexplore.brocld.fr\/#\/schema\/logo\/image\/\"}}]}<\/script>\n<!-- \/ Yoast SEO plugin. -->","yoast_head_json":{"title":"Nous Rejoindre - BikeXplore","robots":{"index":"index","follow":"follow","max-snippet":"max-snippet:-1","max-image-preview":"max-image-preview:large","max-video-preview":"max-video-preview:-1"},"canonical":"https:\/\/bikexplore.brocld.fr\/?page_id=35","og_locale":"fr_FR","og_type":"article","og_title":"Nous Rejoindre - BikeXplore","og_description":"Campagne d&rsquo;adh\u00e9sion 2026 : documents \u00e0 compl\u00e9ter et envoyer par mail au club accompagn\u00e9s d&rsquo;un virement au club ou inscription directe via la campagne Hello Asso\u00a0 Formulaire d&rsquo;adhesion en PDF\u00a0 &hellip; Continuer la lecture de &laquo;&nbsp;Nous Rejoindre&nbsp;&raquo;","og_url":"https:\/\/bikexplore.brocld.fr\/?page_id=35","og_site_name":"BikeXplore","article_modified_time":"2026-03-05T15:19:49+00:00","twitter_card":"summary_large_image","twitter_misc":{"Dur\u00e9e de lecture estim\u00e9e":"1 minute"},"schema":{"@context":"https:\/\/schema.org","@graph":[{"@type":"WebPage","@id":"https:\/\/bikexplore.brocld.fr\/?page_id=35","url":"https:\/\/bikexplore.brocld.fr\/?page_id=35","name":"Nous Rejoindre - BikeXplore","isPartOf":{"@id":"https:\/\/bikexplore.brocld.fr\/#website"},"datePublished":"2025-11-26T13:29:52+00:00","dateModified":"2026-03-05T15:19:49+00:00","breadcrumb":{"@id":"https:\/\/bikexplore.brocld.fr\/?page_id=35#breadcrumb"},"inLanguage":"fr-FR","potentialAction":[{"@type":"ReadAction","target":["https:\/\/bikexplore.brocld.fr\/?page_id=35"]}]},{"@type":"BreadcrumbList","@id":"https:\/\/bikexplore.brocld.fr\/?page_id=35#breadcrumb","itemListElement":[{"@type":"ListItem","position":1,"name":"Accueil","item":"https:\/\/bikexplore.brocld.fr\/"},{"@type":"ListItem","position":2,"name":"Nous Rejoindre"}]},{"@type":"WebSite","@id":"https:\/\/bikexplore.brocld.fr\/#website","url":"https:\/\/bikexplore.brocld.fr\/","name":"BikeXplore","description":"Pour partager des aventures \u00e0 v\u00e9lo !","publisher":{"@id":"https:\/\/bikexplore.brocld.fr\/#organization"},"potentialAction":[{"@type":"SearchAction","target":{"@type":"EntryPoint","urlTemplate":"https:\/\/bikexplore.brocld.fr\/?s={search_term_string}"},"query-input":{"@type":"PropertyValueSpecification","valueRequired":true,"valueName":"search_term_string"}}],"inLanguage":"fr-FR"},{"@type":"Organization","@id":"https:\/\/bikexplore.brocld.fr\/#organization","name":"BikeXplore","url":"https:\/\/bikexplore.brocld.fr\/","logo":{"@type":"ImageObject","inLanguage":"fr-FR","@id":"https:\/\/bikexplore.brocld.fr\/#\/schema\/logo\/image\/","url":"https:\/\/bikexplore.brocld.fr\/wp-content\/uploads\/2025\/11\/cropped-bikexplore_logo2.webp","contentUrl":"https:\/\/bikexplore.brocld.fr\/wp-content\/uploads\/2025\/11\/cropped-bikexplore_logo2.webp","width":479,"height":214,"caption":"BikeXplore"},"image":{"@id":"https:\/\/bikexplore.brocld.fr\/#\/schema\/logo\/image\/"}}]}},"_links":{"self":[{"href":"https:\/\/bikexplore.brocld.fr\/index.php?rest_route=\/wp\/v2\/pages\/35","targetHints":{"allow":["GET"]}}],"collection":[{"href":"https:\/\/bikexplore.brocld.fr\/index.php?rest_route=\/wp\/v2\/pages"}],"about":[{"href":"https:\/\/bikexplore.brocld.fr\/index.php?rest_route=\/wp\/v2\/types\/page"}],"author":[{"embeddable":true,"href":"https:\/\/bikexplore.brocld.fr\/index.php?rest_route=\/wp\/v2\/users\/1"}],"replies":[{"embeddable":true,"href":"https:\/\/bikexplore.brocld.fr\/index.php?rest_route=%2Fwp%2Fv2%2Fcomments&post=35"}],"version-history":[{"count":6,"href":"https:\/\/bikexplore.brocld.fr\/index.php?rest_route=\/wp\/v2\/pages\/35\/revisions"}],"predecessor-version":[{"id":322,"href":"https:\/\/bikexplore.brocld.fr\/index.php?rest_route=\/wp\/v2\/pages\/35\/revisions\/322"}],"wp:attachment":[{"href":"https:\/\/bikexplore.brocld.fr\/index.php?rest_route=%2Fwp%2Fv2%2Fmedia&parent=35"}],"curies":[{"name":"wp","href":"https:\/\/api.w.org\/{rel}","templated":true}]}}