{"id":30,"date":"2025-11-26T09:26:09","date_gmt":"2025-11-26T09:26:09","guid":{"rendered":"https:\/\/testbike.brocld.fr\/?page_id=30"},"modified":"2025-12-13T17:01:32","modified_gmt":"2025-12-13T16:01:32","slug":"le-club","status":"publish","type":"page","link":"https:\/\/bikexplore.brocld.fr\/?page_id=30","title":{"rendered":"Le Club"},"content":{"rendered":"<p><strong>Pr\u00e9sentation du club BikeExplore.<\/strong><\/p>\n\n\n<figure class=\"wp-block-image size-full\"><img loading=\"lazy\" decoding=\"async\" width=\"622\" height=\"745\" src=\"https:\/\/testbike.brocld.fr\/wp-content\/uploads\/2025\/11\/EC4A2389-7D46-4A4F-8AF8-8D991AA0E737.webp\" alt=\"\" class=\"wp-image-223\" srcset=\"https:\/\/bikexplore.brocld.fr\/wp-content\/uploads\/2025\/11\/EC4A2389-7D46-4A4F-8AF8-8D991AA0E737.webp 622w, https:\/\/bikexplore.brocld.fr\/wp-content\/uploads\/2025\/11\/EC4A2389-7D46-4A4F-8AF8-8D991AA0E737-250x300.webp 250w\" sizes=\"auto, (max-width: 622px) 100vw, 622px\" \/><\/figure>\n\n\n\n<p><\/p>\n\n\n\n<p>Anciennement SLC VTT Saint-Michel-sur-Orge , depuis d\u00e9cembre 2025 , BikeXplore est un nouveau club bas\u00e9 \u00e0 Br\u00e9tigny sur Orge mais participant \u00e0 des \u00e9preuves nationales et internationales , si vous voulez nous rejoindre , peu importe votre localisation ! Voir la page adh\u00e9sion pour les diff\u00e9rentes options propos\u00e9es.<\/p>\n\n\n\n<p>Nous pratiquons le v\u00e9lo de route, le gravel , le VTT et m\u00eame les sorties virtuelles sur home trainer connect\u00e9.  Les choix se font selon la saison ou les envies de nos adh\u00e9rents avec un focus particulier sur les aventures \u00e0 v\u00e9lo et l&rsquo;ultra distance : nos membres onr particip\u00e9s \u00e0 de nombreuses \u00e9preuves : Race Across France, Gravelman , BikingMan, Gravel Fever , Gravel of Legend &#8230;.<\/p>\n\n\n\n<p>Nous ne disposons pas d&rsquo;un entraineur mais de membres tr\u00e8s exp\u00e9riment\u00e9s qui saurons vous conseiller et vous aider dans votre progression , que ce soit sur l&rsquo;entra\u00eenement, la nutrition, la m\u00e9canique, le bikepacking, l&rsquo;ultra distance &#8230;<\/p>\n\n\n\n<p>En l&rsquo;absence d&rsquo;entra\u00eeneur , nous ne sommes en mesure d&rsquo;accueillir que des adultes. <\/p>\n\n\n\n<p>Le club est fond\u00e9 sur un esprit de camaraderie et chaque membre peut proposer et organiser des activit\u00e9s. Nos points de rendez-vous sont variables afin de les adapter au parcours et aux participants , par exemple en faisait passer le parcours \u00e0 un endroit d\u00e9fini pour faciliter un retour maison \u00e0 l&rsquo;heure ou bien nous rejoindre sans devoir parcourir trop de distance. <\/p>\n\n\n\n<p>Plusieurs groupes Whatsapp th\u00e9matiques permettent de partager chaque jour de nombreuses informations entre les membres et aussi organiser nos prochaines sorties.<\/p>\n","protected":false},"excerpt":{"rendered":"<p>Pr\u00e9sentation du club BikeExplore. Anciennement SLC VTT Saint-Michel-sur-Orge , depuis d\u00e9cembre 2025 , BikeXplore est un nouveau club bas\u00e9 \u00e0 Br\u00e9tigny sur Orge mais participant \u00e0 des \u00e9preuves nationales et &hellip; <\/p>\n<p class=\"link-more\"><a href=\"https:\/\/bikexplore.brocld.fr\/?page_id=30\" class=\"more-link\">Continuer la lecture<span class=\"screen-reader-text\"> de &laquo;&nbsp;Le Club&nbsp;&raquo;<\/span><\/a><\/p>\n","protected":false},"author":1,"featured_media":0,"parent":0,"menu_order":0,"comment_status":"closed","ping_status":"closed","template":"","meta":{"footnotes":""},"class_list":["post-30","page","type-page","status-publish","hentry"],"yoast_head":"<!-- This site is optimized with the Yoast SEO plugin v26.5 - https:\/\/yoast.com\/wordpress\/plugins\/seo\/ -->\n<title>Le Club - BikeXplore<\/title>\n<meta name=\"robots\" content=\"index, follow, max-snippet:-1, max-image-preview:large, max-video-preview:-1\" \/>\n<link rel=\"canonical\" href=\"https:\/\/bikexplore.brocld.fr\/?page_id=30\" \/>\n<meta property=\"og:locale\" content=\"fr_FR\" \/>\n<meta property=\"og:type\" content=\"article\" \/>\n<meta property=\"og:title\" content=\"Le Club - BikeXplore\" \/>\n<meta property=\"og:description\" content=\"Pr\u00e9sentation du club BikeExplore. Anciennement SLC VTT Saint-Michel-sur-Orge , depuis d\u00e9cembre 2025 , BikeXplore est un nouveau club bas\u00e9 \u00e0 Br\u00e9tigny sur Orge mais participant \u00e0 des \u00e9preuves nationales et &hellip; Continuer la lecture de &laquo;&nbsp;Le Club&nbsp;&raquo;\" \/>\n<meta property=\"og:url\" content=\"https:\/\/bikexplore.brocld.fr\/?page_id=30\" \/>\n<meta property=\"og:site_name\" content=\"BikeXplore\" \/>\n<meta property=\"article:modified_time\" content=\"2025-12-13T16:01:32+00:00\" \/>\n<meta property=\"og:image\" content=\"https:\/\/bikexplore.brocld.fr\/wp-content\/uploads\/2025\/11\/EC4A2389-7D46-4A4F-8AF8-8D991AA0E737.webp\" \/>\n\t<meta property=\"og:image:width\" content=\"622\" \/>\n\t<meta property=\"og:image:height\" content=\"745\" \/>\n\t<meta property=\"og:image:type\" content=\"image\/webp\" \/>\n<meta name=\"twitter:card\" content=\"summary_large_image\" \/>\n<meta name=\"twitter:label1\" content=\"Dur\u00e9e de lecture estim\u00e9e\" \/>\n\t<meta name=\"twitter:data1\" content=\"2 minutes\" \/>\n<script type=\"application\/ld+json\" class=\"yoast-schema-graph\">{\"@context\":\"https:\/\/schema.org\",\"@graph\":[{\"@type\":\"WebPage\",\"@id\":\"https:\/\/bikexplore.brocld.fr\/?page_id=30\",\"url\":\"https:\/\/bikexplore.brocld.fr\/?page_id=30\",\"name\":\"Le Club - BikeXplore\",\"isPartOf\":{\"@id\":\"https:\/\/bikexplore.brocld.fr\/#website\"},\"primaryImageOfPage\":{\"@id\":\"https:\/\/bikexplore.brocld.fr\/?page_id=30#primaryimage\"},\"image\":{\"@id\":\"https:\/\/bikexplore.brocld.fr\/?page_id=30#primaryimage\"},\"thumbnailUrl\":\"https:\/\/testbike.brocld.fr\/wp-content\/uploads\/2025\/11\/EC4A2389-7D46-4A4F-8AF8-8D991AA0E737.webp\",\"datePublished\":\"2025-11-26T09:26:09+00:00\",\"dateModified\":\"2025-12-13T16:01:32+00:00\",\"breadcrumb\":{\"@id\":\"https:\/\/bikexplore.brocld.fr\/?page_id=30#breadcrumb\"},\"inLanguage\":\"fr-FR\",\"potentialAction\":[{\"@type\":\"ReadAction\",\"target\":[\"https:\/\/bikexplore.brocld.fr\/?page_id=30\"]}]},{\"@type\":\"ImageObject\",\"inLanguage\":\"fr-FR\",\"@id\":\"https:\/\/bikexplore.brocld.fr\/?page_id=30#primaryimage\",\"url\":\"https:\/\/testbike.brocld.fr\/wp-content\/uploads\/2025\/11\/EC4A2389-7D46-4A4F-8AF8-8D991AA0E737.webp\",\"contentUrl\":\"https:\/\/testbike.brocld.fr\/wp-content\/uploads\/2025\/11\/EC4A2389-7D46-4A4F-8AF8-8D991AA0E737.webp\"},{\"@type\":\"BreadcrumbList\",\"@id\":\"https:\/\/bikexplore.brocld.fr\/?page_id=30#breadcrumb\",\"itemListElement\":[{\"@type\":\"ListItem\",\"position\":1,\"name\":\"Accueil\",\"item\":\"https:\/\/bikexplore.brocld.fr\/\"},{\"@type\":\"ListItem\",\"position\":2,\"name\":\"Le Club\"}]},{\"@type\":\"WebSite\",\"@id\":\"https:\/\/bikexplore.brocld.fr\/#website\",\"url\":\"https:\/\/bikexplore.brocld.fr\/\",\"name\":\"BikeXplore\",\"description\":\"Pour partager des aventures \u00e0 v\u00e9lo !\",\"publisher\":{\"@id\":\"https:\/\/bikexplore.brocld.fr\/#organization\"},\"potentialAction\":[{\"@type\":\"SearchAction\",\"target\":{\"@type\":\"EntryPoint\",\"urlTemplate\":\"https:\/\/bikexplore.brocld.fr\/?s={search_term_string}\"},\"query-input\":{\"@type\":\"PropertyValueSpecification\",\"valueRequired\":true,\"valueName\":\"search_term_string\"}}],\"inLanguage\":\"fr-FR\"},{\"@type\":\"Organization\",\"@id\":\"https:\/\/bikexplore.brocld.fr\/#organization\",\"name\":\"BikeXplore\",\"url\":\"https:\/\/bikexplore.brocld.fr\/\",\"logo\":{\"@type\":\"ImageObject\",\"inLanguage\":\"fr-FR\",\"@id\":\"https:\/\/bikexplore.brocld.fr\/#\/schema\/logo\/image\/\",\"url\":\"https:\/\/bikexplore.brocld.fr\/wp-content\/uploads\/2025\/11\/cropped-bikexplore_logo2.webp\",\"contentUrl\":\"https:\/\/bikexplore.brocld.fr\/wp-content\/uploads\/2025\/11\/cropped-bikexplore_logo2.webp\",\"width\":479,\"height\":214,\"caption\":\"BikeXplore\"},\"image\":{\"@id\":\"https:\/\/bikexplore.brocld.fr\/#\/schema\/logo\/image\/\"}}]}<\/script>\n<!-- \/ Yoast SEO plugin. -->","yoast_head_json":{"title":"Le Club - BikeXplore","robots":{"index":"index","follow":"follow","max-snippet":"max-snippet:-1","max-image-preview":"max-image-preview:large","max-video-preview":"max-video-preview:-1"},"canonical":"https:\/\/bikexplore.brocld.fr\/?page_id=30","og_locale":"fr_FR","og_type":"article","og_title":"Le Club - BikeXplore","og_description":"Pr\u00e9sentation du club BikeExplore. Anciennement SLC VTT Saint-Michel-sur-Orge , depuis d\u00e9cembre 2025 , BikeXplore est un nouveau club bas\u00e9 \u00e0 Br\u00e9tigny sur Orge mais participant \u00e0 des \u00e9preuves nationales et &hellip; Continuer la lecture de &laquo;&nbsp;Le Club&nbsp;&raquo;","og_url":"https:\/\/bikexplore.brocld.fr\/?page_id=30","og_site_name":"BikeXplore","article_modified_time":"2025-12-13T16:01:32+00:00","og_image":[{"width":622,"height":745,"url":"https:\/\/bikexplore.brocld.fr\/wp-content\/uploads\/2025\/11\/EC4A2389-7D46-4A4F-8AF8-8D991AA0E737.webp","type":"image\/webp"}],"twitter_card":"summary_large_image","twitter_misc":{"Dur\u00e9e de lecture estim\u00e9e":"2 minutes"},"schema":{"@context":"https:\/\/schema.org","@graph":[{"@type":"WebPage","@id":"https:\/\/bikexplore.brocld.fr\/?page_id=30","url":"https:\/\/bikexplore.brocld.fr\/?page_id=30","name":"Le Club - BikeXplore","isPartOf":{"@id":"https:\/\/bikexplore.brocld.fr\/#website"},"primaryImageOfPage":{"@id":"https:\/\/bikexplore.brocld.fr\/?page_id=30#primaryimage"},"image":{"@id":"https:\/\/bikexplore.brocld.fr\/?page_id=30#primaryimage"},"thumbnailUrl":"https:\/\/testbike.brocld.fr\/wp-content\/uploads\/2025\/11\/EC4A2389-7D46-4A4F-8AF8-8D991AA0E737.webp","datePublished":"2025-11-26T09:26:09+00:00","dateModified":"2025-12-13T16:01:32+00:00","breadcrumb":{"@id":"https:\/\/bikexplore.brocld.fr\/?page_id=30#breadcrumb"},"inLanguage":"fr-FR","potentialAction":[{"@type":"ReadAction","target":["https:\/\/bikexplore.brocld.fr\/?page_id=30"]}]},{"@type":"ImageObject","inLanguage":"fr-FR","@id":"https:\/\/bikexplore.brocld.fr\/?page_id=30#primaryimage","url":"https:\/\/testbike.brocld.fr\/wp-content\/uploads\/2025\/11\/EC4A2389-7D46-4A4F-8AF8-8D991AA0E737.webp","contentUrl":"https:\/\/testbike.brocld.fr\/wp-content\/uploads\/2025\/11\/EC4A2389-7D46-4A4F-8AF8-8D991AA0E737.webp"},{"@type":"BreadcrumbList","@id":"https:\/\/bikexplore.brocld.fr\/?page_id=30#breadcrumb","itemListElement":[{"@type":"ListItem","position":1,"name":"Accueil","item":"https:\/\/bikexplore.brocld.fr\/"},{"@type":"ListItem","position":2,"name":"Le Club"}]},{"@type":"WebSite","@id":"https:\/\/bikexplore.brocld.fr\/#website","url":"https:\/\/bikexplore.brocld.fr\/","name":"BikeXplore","description":"Pour partager des aventures \u00e0 v\u00e9lo !","publisher":{"@id":"https:\/\/bikexplore.brocld.fr\/#organization"},"potentialAction":[{"@type":"SearchAction","target":{"@type":"EntryPoint","urlTemplate":"https:\/\/bikexplore.brocld.fr\/?s={search_term_string}"},"query-input":{"@type":"PropertyValueSpecification","valueRequired":true,"valueName":"search_term_string"}}],"inLanguage":"fr-FR"},{"@type":"Organization","@id":"https:\/\/bikexplore.brocld.fr\/#organization","name":"BikeXplore","url":"https:\/\/bikexplore.brocld.fr\/","logo":{"@type":"ImageObject","inLanguage":"fr-FR","@id":"https:\/\/bikexplore.brocld.fr\/#\/schema\/logo\/image\/","url":"https:\/\/bikexplore.brocld.fr\/wp-content\/uploads\/2025\/11\/cropped-bikexplore_logo2.webp","contentUrl":"https:\/\/bikexplore.brocld.fr\/wp-content\/uploads\/2025\/11\/cropped-bikexplore_logo2.webp","width":479,"height":214,"caption":"BikeXplore"},"image":{"@id":"https:\/\/bikexplore.brocld.fr\/#\/schema\/logo\/image\/"}}]}},"_links":{"self":[{"href":"https:\/\/bikexplore.brocld.fr\/index.php?rest_route=\/wp\/v2\/pages\/30","targetHints":{"allow":["GET"]}}],"collection":[{"href":"https:\/\/bikexplore.brocld.fr\/index.php?rest_route=\/wp\/v2\/pages"}],"about":[{"href":"https:\/\/bikexplore.brocld.fr\/index.php?rest_route=\/wp\/v2\/types\/page"}],"author":[{"embeddable":true,"href":"https:\/\/bikexplore.brocld.fr\/index.php?rest_route=\/wp\/v2\/users\/1"}],"replies":[{"embeddable":true,"href":"https:\/\/bikexplore.brocld.fr\/index.php?rest_route=%2Fwp%2Fv2%2Fcomments&post=30"}],"version-history":[{"count":4,"href":"https:\/\/bikexplore.brocld.fr\/index.php?rest_route=\/wp\/v2\/pages\/30\/revisions"}],"predecessor-version":[{"id":251,"href":"https:\/\/bikexplore.brocld.fr\/index.php?rest_route=\/wp\/v2\/pages\/30\/revisions\/251"}],"wp:attachment":[{"href":"https:\/\/bikexplore.brocld.fr\/index.php?rest_route=%2Fwp%2Fv2%2Fmedia&parent=30"}],"curies":[{"name":"wp","href":"https:\/\/api.w.org\/{rel}","templated":true}]}}