{"id":10,"date":"2025-11-26T08:34:22","date_gmt":"2025-11-26T08:34:22","guid":{"rendered":"https:\/\/testbike.brocld.fr\/?page_id=10"},"modified":"2025-12-01T09:38:54","modified_gmt":"2025-12-01T08:38:54","slug":"accueil","status":"publish","type":"page","link":"https:\/\/bikexplore.brocld.fr\/","title":{"rendered":"Accueil"},"content":{"rendered":"<h2 style=\"text-align: center;\"><strong>Bienvenue chez BikeXplore<\/strong><\/h2>\n\n\n<figure class=\"wp-block-image size-large\"><img loading=\"lazy\" decoding=\"async\" width=\"1024\" height=\"576\" src=\"https:\/\/bikexplore.brocld.fr\/wp-content\/uploads\/2025\/12\/IMG_20250123_174511563_AE-1024x576.png\" alt=\"\" class=\"wp-image-243\" srcset=\"https:\/\/bikexplore.brocld.fr\/wp-content\/uploads\/2025\/12\/IMG_20250123_174511563_AE-1024x576.png 1024w, https:\/\/bikexplore.brocld.fr\/wp-content\/uploads\/2025\/12\/IMG_20250123_174511563_AE-300x169.png 300w, https:\/\/bikexplore.brocld.fr\/wp-content\/uploads\/2025\/12\/IMG_20250123_174511563_AE-768x432.png 768w, https:\/\/bikexplore.brocld.fr\/wp-content\/uploads\/2025\/12\/IMG_20250123_174511563_AE.png 1224w\" sizes=\"auto, (max-width: 706px) 89vw, (max-width: 767px) 82vw, 740px\" \/><\/figure>\n\n\n\n<\/p>\n<p>Nous pratiquons le v\u00e9lo de route, le gravel et le VTT selon la saison ou les envies de nos adh\u00e9rents avec un focus particulier sur les aventures \u00e0 v\u00e9lo et l&rsquo;ultra distance : nos membres onr particip\u00e9s \u00e0 de nombreuses \u00e9preuves : Race Across France, Gravelman , BikingMan, Gravel Fever , Gravel of Legend &#8230;.<\/p>\n<p>\n\n\n\n<\/p>\n<p>Nous ne disposons pas d&rsquo;un entraineur mais de membres tr\u00e8s exp\u00e9riment\u00e9s qui saurons vous conseiller et vous aider dans votre progression , que ce soit sur l&rsquo;entra\u00eenement, la nutrition, la m\u00e9canique, le bikepacking, l&rsquo;ultra distance &#8230;<\/p>\n<p>\n\n\n\n<\/p>\n<p>En l&rsquo;absence d&rsquo;entra\u00eeneur , nous ne sommes en mesure d&rsquo;accueillir que des adultes.<\/p>\n<p>\n\n\n\n<\/p>\n<p>Le club est fond\u00e9 sur un esprit de camaraderie et chaque membre peut proposer et organiser des activit\u00e9s. Nos points de rendez-vous sont variables afin de les adapter au parcours et aux participants , par exemple en faisait passer le parcours \u00e0 un endroit d\u00e9fini pour faciliter un retour maison \u00e0 l&rsquo;heure ou bien nous rejoindre sans devoir parcourir trop de distance.<\/p>\n<p>\n\n\n\n<\/p>\n<p>Plusieurs groupes Whatsapp th\u00e9matiques permettent de partager chaque jour de nombreuses informations entre les membres et aussi organiser nos prochaines sorties.<\/p>\n<p>\n\n\n<\/p>\n<p>Pour en savoir plus , lisez <a href=\"https:\/\/bikexplore.brocld.fr\/?page_id=151\">quelques extraits de nos aventures<\/a> en 2025 , et n&rsquo;hesitez pas \u00e0 consulter la page \u00ab\u00a0<a href=\"https:\/\/bikexplore.brocld.fr\/?page_id=35\">Nous rejoindre<\/a>\u00a0\u00bb\u00a0<\/p>\n\n\n<p><\/p>\n","protected":false},"excerpt":{"rendered":"<p>Bienvenue chez BikeXplore Nous pratiquons le v\u00e9lo de route, le gravel et le VTT selon la saison ou les envies de nos adh\u00e9rents avec un focus particulier sur les aventures &hellip; <\/p>\n<p class=\"link-more\"><a href=\"https:\/\/bikexplore.brocld.fr\/\" class=\"more-link\">Continuer la lecture<span class=\"screen-reader-text\"> de &laquo;&nbsp;Accueil&nbsp;&raquo;<\/span><\/a><\/p>\n","protected":false},"author":1,"featured_media":222,"parent":0,"menu_order":0,"comment_status":"closed","ping_status":"closed","template":"templately_header_footer","meta":{"footnotes":""},"class_list":["post-10","page","type-page","status-publish","has-post-thumbnail","hentry"],"yoast_head":"<!-- This site is optimized with the Yoast SEO plugin v26.5 - https:\/\/yoast.com\/wordpress\/plugins\/seo\/ -->\n<title>Accueil - BikeXplore<\/title>\n<meta name=\"robots\" content=\"index, follow, max-snippet:-1, max-image-preview:large, max-video-preview:-1\" \/>\n<link rel=\"canonical\" href=\"https:\/\/bikexplore.brocld.fr\/\" \/>\n<meta property=\"og:locale\" content=\"fr_FR\" \/>\n<meta property=\"og:type\" content=\"article\" \/>\n<meta property=\"og:title\" content=\"Accueil - BikeXplore\" \/>\n<meta property=\"og:description\" content=\"Bienvenue chez BikeXplore Nous pratiquons le v\u00e9lo de route, le gravel et le VTT selon la saison ou les envies de nos adh\u00e9rents avec un focus particulier sur les aventures &hellip; Continuer la lecture de &laquo;&nbsp;Accueil&nbsp;&raquo;\" \/>\n<meta property=\"og:url\" content=\"https:\/\/bikexplore.brocld.fr\/\" \/>\n<meta property=\"og:site_name\" content=\"BikeXplore\" \/>\n<meta property=\"article:modified_time\" content=\"2025-12-01T08:38:54+00:00\" \/>\n<meta property=\"og:image\" content=\"https:\/\/bikexplore.brocld.fr\/wp-content\/uploads\/2025\/11\/DDA2F4CF-D011-4A46-8041-B055A4369FDA_1_105_c.webp\" \/>\n\t<meta property=\"og:image:width\" content=\"1024\" \/>\n\t<meta property=\"og:image:height\" content=\"768\" \/>\n\t<meta property=\"og:image:type\" content=\"image\/webp\" \/>\n<meta name=\"twitter:card\" content=\"summary_large_image\" \/>\n<meta name=\"twitter:label1\" content=\"Dur\u00e9e de lecture estim\u00e9e\" \/>\n\t<meta name=\"twitter:data1\" content=\"2 minutes\" \/>\n<script type=\"application\/ld+json\" class=\"yoast-schema-graph\">{\"@context\":\"https:\/\/schema.org\",\"@graph\":[{\"@type\":\"WebPage\",\"@id\":\"https:\/\/bikexplore.brocld.fr\/\",\"url\":\"https:\/\/bikexplore.brocld.fr\/\",\"name\":\"Accueil - BikeXplore\",\"isPartOf\":{\"@id\":\"https:\/\/bikexplore.brocld.fr\/#website\"},\"primaryImageOfPage\":{\"@id\":\"https:\/\/bikexplore.brocld.fr\/#primaryimage\"},\"image\":{\"@id\":\"https:\/\/bikexplore.brocld.fr\/#primaryimage\"},\"thumbnailUrl\":\"https:\/\/bikexplore.brocld.fr\/wp-content\/uploads\/2025\/11\/DDA2F4CF-D011-4A46-8041-B055A4369FDA_1_105_c.webp\",\"datePublished\":\"2025-11-26T08:34:22+00:00\",\"dateModified\":\"2025-12-01T08:38:54+00:00\",\"breadcrumb\":{\"@id\":\"https:\/\/bikexplore.brocld.fr\/#breadcrumb\"},\"inLanguage\":\"fr-FR\",\"potentialAction\":[{\"@type\":\"ReadAction\",\"target\":[\"https:\/\/bikexplore.brocld.fr\/\"]}]},{\"@type\":\"ImageObject\",\"inLanguage\":\"fr-FR\",\"@id\":\"https:\/\/bikexplore.brocld.fr\/#primaryimage\",\"url\":\"https:\/\/bikexplore.brocld.fr\/wp-content\/uploads\/2025\/11\/DDA2F4CF-D011-4A46-8041-B055A4369FDA_1_105_c.webp\",\"contentUrl\":\"https:\/\/bikexplore.brocld.fr\/wp-content\/uploads\/2025\/11\/DDA2F4CF-D011-4A46-8041-B055A4369FDA_1_105_c.webp\",\"width\":1024,\"height\":768},{\"@type\":\"BreadcrumbList\",\"@id\":\"https:\/\/bikexplore.brocld.fr\/#breadcrumb\",\"itemListElement\":[{\"@type\":\"ListItem\",\"position\":1,\"name\":\"Accueil\",\"item\":\"https:\/\/bikexplore.brocld.fr\/\"},{\"@type\":\"ListItem\",\"position\":2,\"name\":\"Accueil\"}]},{\"@type\":\"WebSite\",\"@id\":\"https:\/\/bikexplore.brocld.fr\/#website\",\"url\":\"https:\/\/bikexplore.brocld.fr\/\",\"name\":\"BikeXplore\",\"description\":\"Pour partager des aventures \u00e0 v\u00e9lo !\",\"publisher\":{\"@id\":\"https:\/\/bikexplore.brocld.fr\/#organization\"},\"potentialAction\":[{\"@type\":\"SearchAction\",\"target\":{\"@type\":\"EntryPoint\",\"urlTemplate\":\"https:\/\/bikexplore.brocld.fr\/?s={search_term_string}\"},\"query-input\":{\"@type\":\"PropertyValueSpecification\",\"valueRequired\":true,\"valueName\":\"search_term_string\"}}],\"inLanguage\":\"fr-FR\"},{\"@type\":\"Organization\",\"@id\":\"https:\/\/bikexplore.brocld.fr\/#organization\",\"name\":\"BikeXplore\",\"url\":\"https:\/\/bikexplore.brocld.fr\/\",\"logo\":{\"@type\":\"ImageObject\",\"inLanguage\":\"fr-FR\",\"@id\":\"https:\/\/bikexplore.brocld.fr\/#\/schema\/logo\/image\/\",\"url\":\"https:\/\/bikexplore.brocld.fr\/wp-content\/uploads\/2025\/11\/cropped-bikexplore_logo2.webp\",\"contentUrl\":\"https:\/\/bikexplore.brocld.fr\/wp-content\/uploads\/2025\/11\/cropped-bikexplore_logo2.webp\",\"width\":479,\"height\":214,\"caption\":\"BikeXplore\"},\"image\":{\"@id\":\"https:\/\/bikexplore.brocld.fr\/#\/schema\/logo\/image\/\"}}]}<\/script>\n<!-- \/ Yoast SEO plugin. -->","yoast_head_json":{"title":"Accueil - BikeXplore","robots":{"index":"index","follow":"follow","max-snippet":"max-snippet:-1","max-image-preview":"max-image-preview:large","max-video-preview":"max-video-preview:-1"},"canonical":"https:\/\/bikexplore.brocld.fr\/","og_locale":"fr_FR","og_type":"article","og_title":"Accueil - BikeXplore","og_description":"Bienvenue chez BikeXplore Nous pratiquons le v\u00e9lo de route, le gravel et le VTT selon la saison ou les envies de nos adh\u00e9rents avec un focus particulier sur les aventures &hellip; Continuer la lecture de &laquo;&nbsp;Accueil&nbsp;&raquo;","og_url":"https:\/\/bikexplore.brocld.fr\/","og_site_name":"BikeXplore","article_modified_time":"2025-12-01T08:38:54+00:00","og_image":[{"width":1024,"height":768,"url":"https:\/\/bikexplore.brocld.fr\/wp-content\/uploads\/2025\/11\/DDA2F4CF-D011-4A46-8041-B055A4369FDA_1_105_c.webp","type":"image\/webp"}],"twitter_card":"summary_large_image","twitter_misc":{"Dur\u00e9e de lecture estim\u00e9e":"2 minutes"},"schema":{"@context":"https:\/\/schema.org","@graph":[{"@type":"WebPage","@id":"https:\/\/bikexplore.brocld.fr\/","url":"https:\/\/bikexplore.brocld.fr\/","name":"Accueil - BikeXplore","isPartOf":{"@id":"https:\/\/bikexplore.brocld.fr\/#website"},"primaryImageOfPage":{"@id":"https:\/\/bikexplore.brocld.fr\/#primaryimage"},"image":{"@id":"https:\/\/bikexplore.brocld.fr\/#primaryimage"},"thumbnailUrl":"https:\/\/bikexplore.brocld.fr\/wp-content\/uploads\/2025\/11\/DDA2F4CF-D011-4A46-8041-B055A4369FDA_1_105_c.webp","datePublished":"2025-11-26T08:34:22+00:00","dateModified":"2025-12-01T08:38:54+00:00","breadcrumb":{"@id":"https:\/\/bikexplore.brocld.fr\/#breadcrumb"},"inLanguage":"fr-FR","potentialAction":[{"@type":"ReadAction","target":["https:\/\/bikexplore.brocld.fr\/"]}]},{"@type":"ImageObject","inLanguage":"fr-FR","@id":"https:\/\/bikexplore.brocld.fr\/#primaryimage","url":"https:\/\/bikexplore.brocld.fr\/wp-content\/uploads\/2025\/11\/DDA2F4CF-D011-4A46-8041-B055A4369FDA_1_105_c.webp","contentUrl":"https:\/\/bikexplore.brocld.fr\/wp-content\/uploads\/2025\/11\/DDA2F4CF-D011-4A46-8041-B055A4369FDA_1_105_c.webp","width":1024,"height":768},{"@type":"BreadcrumbList","@id":"https:\/\/bikexplore.brocld.fr\/#breadcrumb","itemListElement":[{"@type":"ListItem","position":1,"name":"Accueil","item":"https:\/\/bikexplore.brocld.fr\/"},{"@type":"ListItem","position":2,"name":"Accueil"}]},{"@type":"WebSite","@id":"https:\/\/bikexplore.brocld.fr\/#website","url":"https:\/\/bikexplore.brocld.fr\/","name":"BikeXplore","description":"Pour partager des aventures \u00e0 v\u00e9lo !","publisher":{"@id":"https:\/\/bikexplore.brocld.fr\/#organization"},"potentialAction":[{"@type":"SearchAction","target":{"@type":"EntryPoint","urlTemplate":"https:\/\/bikexplore.brocld.fr\/?s={search_term_string}"},"query-input":{"@type":"PropertyValueSpecification","valueRequired":true,"valueName":"search_term_string"}}],"inLanguage":"fr-FR"},{"@type":"Organization","@id":"https:\/\/bikexplore.brocld.fr\/#organization","name":"BikeXplore","url":"https:\/\/bikexplore.brocld.fr\/","logo":{"@type":"ImageObject","inLanguage":"fr-FR","@id":"https:\/\/bikexplore.brocld.fr\/#\/schema\/logo\/image\/","url":"https:\/\/bikexplore.brocld.fr\/wp-content\/uploads\/2025\/11\/cropped-bikexplore_logo2.webp","contentUrl":"https:\/\/bikexplore.brocld.fr\/wp-content\/uploads\/2025\/11\/cropped-bikexplore_logo2.webp","width":479,"height":214,"caption":"BikeXplore"},"image":{"@id":"https:\/\/bikexplore.brocld.fr\/#\/schema\/logo\/image\/"}}]}},"_links":{"self":[{"href":"https:\/\/bikexplore.brocld.fr\/index.php?rest_route=\/wp\/v2\/pages\/10","targetHints":{"allow":["GET"]}}],"collection":[{"href":"https:\/\/bikexplore.brocld.fr\/index.php?rest_route=\/wp\/v2\/pages"}],"about":[{"href":"https:\/\/bikexplore.brocld.fr\/index.php?rest_route=\/wp\/v2\/types\/page"}],"author":[{"embeddable":true,"href":"https:\/\/bikexplore.brocld.fr\/index.php?rest_route=\/wp\/v2\/users\/1"}],"replies":[{"embeddable":true,"href":"https:\/\/bikexplore.brocld.fr\/index.php?rest_route=%2Fwp%2Fv2%2Fcomments&post=10"}],"version-history":[{"count":25,"href":"https:\/\/bikexplore.brocld.fr\/index.php?rest_route=\/wp\/v2\/pages\/10\/revisions"}],"predecessor-version":[{"id":244,"href":"https:\/\/bikexplore.brocld.fr\/index.php?rest_route=\/wp\/v2\/pages\/10\/revisions\/244"}],"wp:featuredmedia":[{"embeddable":true,"href":"https:\/\/bikexplore.brocld.fr\/index.php?rest_route=\/wp\/v2\/media\/222"}],"wp:attachment":[{"href":"https:\/\/bikexplore.brocld.fr\/index.php?rest_route=%2Fwp%2Fv2%2Fmedia&parent=10"}],"curies":[{"name":"wp","href":"https:\/\/api.w.org\/{rel}","templated":true}]}}